{"id":203,"date":"2017-09-02T20:45:17","date_gmt":"2017-09-02T20:45:17","guid":{"rendered":"http:\/\/localhost\/cms\/wp-terra-solutions\/?page_id=203"},"modified":"2018-09-06T20:21:29","modified_gmt":"2018-09-06T20:21:29","slug":"profil","status":"publish","type":"page","link":"https:\/\/terrasolutions.com\/de\/ueber-uns\/profil\/","title":{"rendered":"Profil"},"content":{"rendered":"\t\t<div data-elementor-type=\"wp-post\" data-elementor-id=\"203\" class=\"elementor elementor-203 elementor-bc-flex-widget\" data-elementor-post-type=\"page\">\n\t\t\t\t\t\t<section class=\"elementor-section elementor-top-section elementor-element elementor-element-poqctxa elementor-section-boxed elementor-section-height-default elementor-section-height-default\" data-id=\"poqctxa\" data-element_type=\"section\">\n\t\t\t\t\t\t<div class=\"elementor-container elementor-column-gap-default\">\n\t\t\t\t\t<div class=\"elementor-column elementor-col-100 elementor-top-column elementor-element elementor-element-bgrdqya\" data-id=\"bgrdqya\" data-element_type=\"column\">\n\t\t\t<div class=\"elementor-widget-wrap elementor-element-populated\">\n\t\t\t\t\t\t<div class=\"elementor-element elementor-element-mjgqby6 elementor-position-right elementor-vertical-align-top elementor-widget elementor-widget-image-box\" data-id=\"mjgqby6\" data-element_type=\"widget\" data-widget_type=\"image-box.default\">\n\t\t\t\t<div class=\"elementor-widget-container\">\n\t\t\t\t\t<div class=\"elementor-image-box-wrapper\"><figure class=\"elementor-image-box-img\"><a href=\"http:\/\/terra-advisors.com\" target=\"_blank\" tabindex=\"-1\"><img fetchpriority=\"high\" decoding=\"async\" width=\"1024\" height=\"683\" src=\"https:\/\/terrasolutions.com\/de\/wp-content\/uploads\/2017\/09\/terra-profile-1024x683.jpg\" class=\"attachment-large size-large wp-image-427\" alt=\"\" srcset=\"https:\/\/terrasolutions.com\/de\/wp-content\/uploads\/2017\/09\/terra-profile-1024x683.jpg 1024w, https:\/\/terrasolutions.com\/de\/wp-content\/uploads\/2017\/09\/terra-profile-300x200.jpg 300w, https:\/\/terrasolutions.com\/de\/wp-content\/uploads\/2017\/09\/terra-profile-768x512.jpg 768w, https:\/\/terrasolutions.com\/de\/wp-content\/uploads\/2017\/09\/terra-profile.jpg 1600w\" sizes=\"(max-width: 1024px) 100vw, 1024px\" \/><\/a><\/figure><div class=\"elementor-image-box-content\"><p class=\"elementor-image-box-description\">Terra Solutions ist aus der 2007 gegr\u00fcndeten und bis heute erfolgreich t\u00e4tigen Unternehmensberatung <a href=\"http:\/\/terra-advisors.com\" title=\"\" target=\"_blank\">Terra Advisors<\/a> hervorgegangen.<br><br>Unter ihren mehr als 100 aktuellen und ehemaligen Kunden hat Terra Advisors mit einer Reihe von IIoT-Anbietern wie Jasper Wireless, Arrayent und Stream Technologies zusammengearbeitet, um ihnen zu helfen, ihre Gesch\u00e4ftsaktivit\u00e4ten in ganz Europa auszuweiten.<br><br>Als wir diese Wurzeln im IIoT-Sektor pflanzten, stellten wir schnell fest, dass unsere Kunden mehr als nur den Kauf einer Standardl\u00f6sung ben\u00f6tigten. <br><br>Ausf\u00fchrliche Beratungsgespr\u00e4che waren notwendig, um sicherzustellen, dass die Gesch\u00e4ftsziele unserer Kunden erreicht werden und dass sie den gr\u00f6\u00dften ROI aus ihren Investitionen erzielen.<br><br>Die Nachfrage unserer Kunden nach Beratung, Software, Hardwareplanung und -implementierung sowie laufenden Dienstleistungen und Support waren die treibende Kraft bei der Gr\u00fcndung einer eigenen Gesch\u00e4ftseinheit, der <strong>Terra Solutions AG<\/strong>.<\/p><\/div><\/div>\t\t\t\t<\/div>\n\t\t\t\t<\/div>\n\t\t\t\t\t<\/div>\n\t\t<\/div>\n\t\t\t\t\t<\/div>\n\t\t<\/section>\n\t\t\t\t<\/div>\n\t\t","protected":false},"excerpt":{"rendered":"<p>Terra Solutions ist aus der 2007 gegr\u00fcndeten und bis heute erfolgreich t\u00e4tigen Unternehmensberatung Terra Advisors hervorgegangen. Unter ihren mehr als 100 aktuellen und ehemaligen Kunden hat Terra Advisors mit einer Reihe von IIoT-Anbietern wie Jasper Wireless, Arrayent und Stream Technologies zusammengearbeitet, um ihnen zu helfen, ihre Gesch\u00e4ftsaktivit\u00e4ten in ganz Europa auszuweiten. Als wir diese Wurzeln &#8230; <a title=\"Profil\" class=\"read-more\" href=\"https:\/\/terrasolutions.com\/de\/ueber-uns\/profil\/\" aria-label=\"Mehr zu Profil\">Read more<\/a><\/p>\n","protected":false},"author":1,"featured_media":0,"parent":5,"menu_order":0,"comment_status":"closed","ping_status":"closed","template":"","meta":{"footnotes":""},"class_list":["post-203","page","type-page","status-publish"],"acf":[],"_links":{"self":[{"href":"https:\/\/terrasolutions.com\/de\/wp-json\/wp\/v2\/pages\/203","targetHints":{"allow":["GET"]}}],"collection":[{"href":"https:\/\/terrasolutions.com\/de\/wp-json\/wp\/v2\/pages"}],"about":[{"href":"https:\/\/terrasolutions.com\/de\/wp-json\/wp\/v2\/types\/page"}],"author":[{"embeddable":true,"href":"https:\/\/terrasolutions.com\/de\/wp-json\/wp\/v2\/users\/1"}],"replies":[{"embeddable":true,"href":"https:\/\/terrasolutions.com\/de\/wp-json\/wp\/v2\/comments?post=203"}],"version-history":[{"count":18,"href":"https:\/\/terrasolutions.com\/de\/wp-json\/wp\/v2\/pages\/203\/revisions"}],"predecessor-version":[{"id":618,"href":"https:\/\/terrasolutions.com\/de\/wp-json\/wp\/v2\/pages\/203\/revisions\/618"}],"up":[{"embeddable":true,"href":"https:\/\/terrasolutions.com\/de\/wp-json\/wp\/v2\/pages\/5"}],"wp:attachment":[{"href":"https:\/\/terrasolutions.com\/de\/wp-json\/wp\/v2\/media?parent=203"}],"curies":[{"name":"wp","href":"https:\/\/api.w.org\/{rel}","templated":true}]}}