{"id":53,"date":"2017-08-16T20:43:36","date_gmt":"2017-08-16T20:43:36","guid":{"rendered":"http:\/\/localhost\/cms\/wp-terra-si-new\/?page_id=53"},"modified":"2021-09-20T20:09:20","modified_gmt":"2021-09-20T20:09:20","slug":"team","status":"publish","type":"page","link":"https:\/\/terrasolutions.com\/de\/ueber-uns\/team\/","title":{"rendered":"Team"},"content":{"rendered":"\t\t<div data-elementor-type=\"wp-post\" data-elementor-id=\"53\" class=\"elementor elementor-53\" data-elementor-post-type=\"page\">\n\t\t\t\t\t\t<section class=\"elementor-section elementor-top-section elementor-element elementor-element-50f3651 elementor-section-boxed elementor-section-height-default elementor-section-height-default\" data-id=\"50f3651\" data-element_type=\"section\">\n\t\t\t\t\t\t<div class=\"elementor-container elementor-column-gap-default\">\n\t\t\t\t\t<div class=\"elementor-column elementor-col-100 elementor-top-column elementor-element elementor-element-6c316ed\" data-id=\"6c316ed\" data-element_type=\"column\">\n\t\t\t<div class=\"elementor-widget-wrap elementor-element-populated\">\n\t\t\t\t\t\t<div class=\"elementor-element elementor-element-50f37af elementor-widget elementor-widget-lae-team-members\" data-id=\"50f37af\" data-element_type=\"widget\" data-widget_type=\"lae-team-members.default\">\n\t\t\t\t<div class=\"elementor-widget-container\">\n\t\t\t\t\t\n\n<div        class=\"lae-team-members lae-team-members-style1 lae-uber-grid-container  lae-grid-auto-column-layout\" >\n\n    \n        \n        \n        \n<div class=\"lae-team-member-wrapper\">\n\n    \n    <div class=\"lae-team-member \" >\n\n        <div class=\"lae-image-wrapper\">\n\n            \n                \n                \n                    <img fetchpriority=\"high\" decoding=\"async\" width=\"250\" height=\"250\" src=\"https:\/\/terrasolutions.com\/de\/wp-content\/uploads\/2018\/07\/picture_jeff.jpg\" class=\"lae-image attachment-full size-full\" alt=\"picture_jeff.jpg\" title=\"picture_jeff.jpg\" srcset=\"https:\/\/terrasolutions.com\/de\/wp-content\/uploads\/2018\/07\/picture_jeff.jpg 250w, https:\/\/terrasolutions.com\/de\/wp-content\/uploads\/2018\/07\/picture_jeff-150x150.jpg 150w\" sizes=\"(max-width: 250px) 100vw, 250px\" \/>\n                \n            \n            \n<div class=\"lae-social-wrap\">\n    <div class=\"lae-social-list\">\n\n                            <div class=\"lae-social-list-item\">\n                <a class=\"lae-email\" href=\"mailto:jeff.lamont@terrasolutions.com\"\n                   title=\"Send an email\">\n                    <i class=\"lae-icon-email\"><\/i>\n                <\/a>\n            <\/div>\n                \n        \n                    <div class=\"lae-social-list-item\">\n                <a class=\"lae-linkedin\" href=\"http:\/\/ch.linkedin.com\/in\/jefflamont\"\n                   target=\"_blank\"\n                   title=\"View LinkedIn Profile\">\n                    <i class=\"lae-icon-linkedin\">\n\n                    <\/i>\n                <\/a>\n            <\/div>\n        \n        \n        \n        \n        \n    <\/div><!-- .lae-social-list -->\n<\/div><!-- .lae-social-wrap -->\n\n\n\n        <\/div><!-- .lae-image-wrapper -->\n\n        <div class=\"lae-team-member-text\">\n\n            \n            \n                <h3 class=\"lae-title\">Jeff Lamont<\/h3>\n            \n            <div class=\"lae-team-member-position\">\n\n                Managing Director\n            <\/div>\n\n            <div class=\"lae-team-member-details\">\n\n                Jeff ist seit 2001 auf dem europ\u00e4ischen und nordamerikanischen TMT-Markt t\u00e4tig. Bei Orange war Jeff f\u00fcr den Betrieb in 11 europ\u00e4ischen L\u00e4ndern verantwortlich. Vor seiner Karriere in Europa arbeitete er mehr als acht Jahre als erfolgreicher Unternehmer in den USA. Jeff hat einen BA mit Auszeichnung in Wirtschaft und Geschichte von der University of Illinois und einen MBA von der Harvard Business School.\n            <\/div>\n\n        <\/div><!-- .lae-team-member-text -->\n\n    <\/div><!-- .lae-team-member -->\n\n<\/div><!-- .lae-team-member-wrapper -->\n    \n        \n        \n        \n<div class=\"lae-team-member-wrapper\">\n\n    \n    <div class=\"lae-team-member \" >\n\n        <div class=\"lae-image-wrapper\">\n\n            \n                \n                \n                    <img decoding=\"async\" width=\"250\" height=\"250\" src=\"https:\/\/terrasolutions.com\/de\/wp-content\/uploads\/2018\/07\/picture_phil.jpg\" class=\"lae-image attachment-full size-full\" alt=\"picture_phil.jpg\" title=\"picture_phil.jpg\" srcset=\"https:\/\/terrasolutions.com\/de\/wp-content\/uploads\/2018\/07\/picture_phil.jpg 250w, https:\/\/terrasolutions.com\/de\/wp-content\/uploads\/2018\/07\/picture_phil-150x150.jpg 150w\" sizes=\"(max-width: 250px) 100vw, 250px\" \/>\n                \n            \n            \n<div class=\"lae-social-wrap\">\n    <div class=\"lae-social-list\">\n\n                            <div class=\"lae-social-list-item\">\n                <a class=\"lae-email\" href=\"mailto:phil.amend@terrasolutions.com\"\n                   title=\"Send an email\">\n                    <i class=\"lae-icon-email\"><\/i>\n                <\/a>\n            <\/div>\n                \n        \n                    <div class=\"lae-social-list-item\">\n                <a class=\"lae-linkedin\" href=\"https:\/\/de.linkedin.com\/in\/philamend\"\n                   target=\"_blank\"\n                   title=\"View LinkedIn Profile\">\n                    <i class=\"lae-icon-linkedin\">\n\n                    <\/i>\n                <\/a>\n            <\/div>\n        \n        \n        \n        \n        \n    <\/div><!-- .lae-social-list -->\n<\/div><!-- .lae-social-wrap -->\n\n\n\n        <\/div><!-- .lae-image-wrapper -->\n\n        <div class=\"lae-team-member-text\">\n\n            \n            \n                <h3 class=\"lae-title\">Phil Amend<\/h3>\n            \n            <div class=\"lae-team-member-position\">\n\n                Technical Director\n            <\/div>\n\n            <div class=\"lae-team-member-details\">\n\n                Als Veteran der internationalen Telekommunikations-\/ICT-Branche hat Phil Telekommunikationsanbieter beraten und ihnen dabei geholfen, neue M\u00e4rkte erfolgreich zu erschlie\u00dfen. Phil hat einen B.S. in Elektrotechnik von der Lehigh University in Bethlehem, PA, USA und einen M.S. in Telekommunikationsmanagement vom Stevens Institute of Technology in Hoboken, NJ, USA.\n            <\/div>\n\n        <\/div><!-- .lae-team-member-text -->\n\n    <\/div><!-- .lae-team-member -->\n\n<\/div><!-- .lae-team-member-wrapper -->\n    \n        \n        \n        \n<div class=\"lae-team-member-wrapper\">\n\n    \n    <div class=\"lae-team-member \" >\n\n        <div class=\"lae-image-wrapper\">\n\n            \n                \n                \n                    <img decoding=\"async\" width=\"250\" height=\"250\" src=\"https:\/\/terrasolutions.com\/de\/wp-content\/uploads\/2020\/10\/picture_joachim.jpg\" class=\"lae-image attachment-full size-full\" alt=\"picture_joachim\" title=\"picture_joachim\" srcset=\"https:\/\/terrasolutions.com\/de\/wp-content\/uploads\/2020\/10\/picture_joachim.jpg 250w, https:\/\/terrasolutions.com\/de\/wp-content\/uploads\/2020\/10\/picture_joachim-150x150.jpg 150w\" sizes=\"(max-width: 250px) 100vw, 250px\" \/>\n                \n            \n            \n<div class=\"lae-social-wrap\">\n    <div class=\"lae-social-list\">\n\n                            <div class=\"lae-social-list-item\">\n                <a class=\"lae-email\" href=\"mailto:joachim.hoffmann@terrasolutions.com\"\n                   title=\"Send an email\">\n                    <i class=\"lae-icon-email\"><\/i>\n                <\/a>\n            <\/div>\n                \n        \n                    <div class=\"lae-social-list-item\">\n                <a class=\"lae-linkedin\" href=\"https:\/\/www.linkedin.com\/in\/hoffmannjoachim\/\"\n                   target=\"_blank\"\n                   title=\"View LinkedIn Profile\">\n                    <i class=\"lae-icon-linkedin\">\n\n                    <\/i>\n                <\/a>\n            <\/div>\n        \n        \n        \n        \n        \n    <\/div><!-- .lae-social-list -->\n<\/div><!-- .lae-social-wrap -->\n\n\n\n        <\/div><!-- .lae-image-wrapper -->\n\n        <div class=\"lae-team-member-text\">\n\n            \n            \n                <h3 class=\"lae-title\">Joachim Hoffmann<\/h3>\n            \n            <div class=\"lae-team-member-position\">\n\n                Business Development Director\n            <\/div>\n\n            <div class=\"lae-team-member-details\">\n\n                Erfahrener Senior Executive mit einem starken Fokus auf Technologie, Vertrieb, Gesch\u00e4ftsentwicklung und Partnerbeziehungen. Joachim hat einen Abschluss in Wirtschaftswissenschaften und Ingenieurwesen der Technischen Universit\u00e4t Darmstadt.\n            <\/div>\n\n        <\/div><!-- .lae-team-member-text -->\n\n    <\/div><!-- .lae-team-member -->\n\n<\/div><!-- .lae-team-member-wrapper -->\n    \n        \n        \n        \n<div class=\"lae-team-member-wrapper\">\n\n    \n    <div class=\"lae-team-member \" >\n\n        <div class=\"lae-image-wrapper\">\n\n            \n                \n                \n                    <img loading=\"lazy\" decoding=\"async\" width=\"250\" height=\"250\" src=\"https:\/\/terrasolutions.com\/de\/wp-content\/uploads\/2018\/07\/picture_shannon.jpg\" class=\"lae-image attachment-full size-full\" alt=\"picture_shannon.jpg\" title=\"picture_shannon.jpg\" srcset=\"https:\/\/terrasolutions.com\/de\/wp-content\/uploads\/2018\/07\/picture_shannon.jpg 250w, https:\/\/terrasolutions.com\/de\/wp-content\/uploads\/2018\/07\/picture_shannon-150x150.jpg 150w\" sizes=\"(max-width: 250px) 100vw, 250px\" \/>\n                \n            \n            \n<div class=\"lae-social-wrap\">\n    <div class=\"lae-social-list\">\n\n                            <div class=\"lae-social-list-item\">\n                <a class=\"lae-email\" href=\"mailto:shannon.mulligan@terrasolutions.com\"\n                   title=\"Send an email\">\n                    <i class=\"lae-icon-email\"><\/i>\n                <\/a>\n            <\/div>\n                \n        \n                    <div class=\"lae-social-list-item\">\n                <a class=\"lae-linkedin\" href=\"https:\/\/www.linkedin.com\/in\/shannonmulligan\"\n                   target=\"_blank\"\n                   title=\"View LinkedIn Profile\">\n                    <i class=\"lae-icon-linkedin\">\n\n                    <\/i>\n                <\/a>\n            <\/div>\n        \n        \n        \n        \n        \n    <\/div><!-- .lae-social-list -->\n<\/div><!-- .lae-social-wrap -->\n\n\n\n        <\/div><!-- .lae-image-wrapper -->\n\n        <div class=\"lae-team-member-text\">\n\n            \n            \n                <h3 class=\"lae-title\">Shannon Mulligan<\/h3>\n            \n            <div class=\"lae-team-member-position\">\n\n                Client Engagement\n            <\/div>\n\n            <div class=\"lae-team-member-details\">\n\n                Shannon verf\u00fcgt \u00fcber mehr als 10 Jahre Erfahrung im B2B-Vertrieb sowohl im Direkt- als auch im Gro\u00dfhandelsbereich. Sie begann ihre Vertriebskarriere in der High-End-Administration, verbrachte aber den gr\u00f6\u00dften Teil ihrer Vertriebskarriere im hart umk\u00e4mpften US-Elektronik-Vertriebskanal. Shannon erhielt ihren B.S. von der Ohio State University.\n            <\/div>\n\n        <\/div><!-- .lae-team-member-text -->\n\n    <\/div><!-- .lae-team-member -->\n\n<\/div><!-- .lae-team-member-wrapper -->\n    \n        \n        \n        \n<div class=\"lae-team-member-wrapper\">\n\n    \n    <div class=\"lae-team-member \" >\n\n        <div class=\"lae-image-wrapper\">\n\n            \n                \n                \n                    <img loading=\"lazy\" decoding=\"async\" width=\"250\" height=\"250\" src=\"https:\/\/terrasolutions.com\/de\/wp-content\/uploads\/2018\/07\/picture_jackie.jpg\" class=\"lae-image attachment-full size-full\" alt=\"picture_jackie.jpg\" title=\"picture_jackie.jpg\" srcset=\"https:\/\/terrasolutions.com\/de\/wp-content\/uploads\/2018\/07\/picture_jackie.jpg 250w, https:\/\/terrasolutions.com\/de\/wp-content\/uploads\/2018\/07\/picture_jackie-150x150.jpg 150w\" sizes=\"(max-width: 250px) 100vw, 250px\" \/>\n                \n            \n            \n<div class=\"lae-social-wrap\">\n    <div class=\"lae-social-list\">\n\n                            <div class=\"lae-social-list-item\">\n                <a class=\"lae-email\" href=\"mailto:jackie.jaeger@terrasolutions.com\"\n                   title=\"Send an email\">\n                    <i class=\"lae-icon-email\"><\/i>\n                <\/a>\n            <\/div>\n                \n        \n                    <div class=\"lae-social-list-item\">\n                <a class=\"lae-linkedin\" href=\"https:\/\/www.linkedin.com\/in\/jackiejaegervirtualassistant\"\n                   target=\"_blank\"\n                   title=\"View LinkedIn Profile\">\n                    <i class=\"lae-icon-linkedin\">\n\n                    <\/i>\n                <\/a>\n            <\/div>\n        \n        \n        \n        \n        \n    <\/div><!-- .lae-social-list -->\n<\/div><!-- .lae-social-wrap -->\n\n\n\n        <\/div><!-- .lae-image-wrapper -->\n\n        <div class=\"lae-team-member-text\">\n\n            \n            \n                <h3 class=\"lae-title\">Jackie Jaeger<\/h3>\n            \n            <div class=\"lae-team-member-position\">\n\n                Administration & Finance\n            <\/div>\n\n            <div class=\"lae-team-member-details\">\n\n                Jackie bringt mehr als 20 Jahre Erfahrung als Executive Assistant und Office Manager in Unternehmen wie Zurich Financial Services, Goldman Sachs und UBS mit. Im Jahr 2009 startete sie ihr eigenes Unternehmen als Virtual Assistant\/Online Business Manager und unterst\u00fctzt seitdem Unternehmer und Kleinunternehmen bei der Erreichung ihrer Ziele. Sie hat in der Schweiz und den USA gelebt und gearbeitet und spricht Englisch und Deutsch.\n            <\/div>\n\n        <\/div><!-- .lae-team-member-text -->\n\n    <\/div><!-- .lae-team-member -->\n\n<\/div><!-- .lae-team-member-wrapper -->\n    \n        \n        \n        \n<div class=\"lae-team-member-wrapper\">\n\n    \n    <div class=\"lae-team-member \" >\n\n        <div class=\"lae-image-wrapper\">\n\n            \n                \n                \n                    <img loading=\"lazy\" decoding=\"async\" width=\"250\" height=\"250\" src=\"https:\/\/terrasolutions.com\/de\/wp-content\/uploads\/2018\/07\/picture_christina.jpg\" class=\"lae-image attachment-full size-full\" alt=\"picture_christina.jpg\" title=\"picture_christina.jpg\" srcset=\"https:\/\/terrasolutions.com\/de\/wp-content\/uploads\/2018\/07\/picture_christina.jpg 250w, https:\/\/terrasolutions.com\/de\/wp-content\/uploads\/2018\/07\/picture_christina-150x150.jpg 150w\" sizes=\"(max-width: 250px) 100vw, 250px\" \/>\n                \n            \n            \n<div class=\"lae-social-wrap\">\n    <div class=\"lae-social-list\">\n\n                            <div class=\"lae-social-list-item\">\n                <a class=\"lae-email\" href=\"mailto:christina.maroulis@terrasolutions.com\"\n                   title=\"Send an email\">\n                    <i class=\"lae-icon-email\"><\/i>\n                <\/a>\n            <\/div>\n                \n        \n        \n        \n        \n        \n        \n    <\/div><!-- .lae-social-list -->\n<\/div><!-- .lae-social-wrap -->\n\n\n\n        <\/div><!-- .lae-image-wrapper -->\n\n        <div class=\"lae-team-member-text\">\n\n            \n            \n                <h3 class=\"lae-title\">Christina Maroulis<\/h3>\n            \n            <div class=\"lae-team-member-position\">\n\n                Sales Support\n            <\/div>\n\n            <div class=\"lae-team-member-details\">\n\n                Christina lebt mit ihrer Familie in Brasilien. Nachdem sie in administrativen Funktionen in der Unternehmenswelt t\u00e4tig war, entschied sie sich 2013, ihre Karriere als virtuelle Verwaltungsassistentin zu starten. Seitdem hat sie viel Erfahrung in der Arbeit mit internationalen Unternehmen gesammelt und den Weg gefunden, den sie sich vorgestellt hat, und sie hat sich als die effektive und zuverl\u00e4ssige Kollegin erwiesen.\n            <\/div>\n\n        <\/div><!-- .lae-team-member-text -->\n\n    <\/div><!-- .lae-team-member -->\n\n<\/div><!-- .lae-team-member-wrapper -->\n    \n        \n        \n        \n<div class=\"lae-team-member-wrapper\">\n\n    \n    <div class=\"lae-team-member \" >\n\n        <div class=\"lae-image-wrapper\">\n\n            \n                \n                \n                    <img loading=\"lazy\" decoding=\"async\" width=\"250\" height=\"250\" src=\"https:\/\/terrasolutions.com\/de\/wp-content\/uploads\/2018\/07\/picture_wanda.jpg\" class=\"lae-image attachment-full size-full\" alt=\"picture_wanda.jpg\" title=\"picture_wanda.jpg\" srcset=\"https:\/\/terrasolutions.com\/de\/wp-content\/uploads\/2018\/07\/picture_wanda.jpg 250w, https:\/\/terrasolutions.com\/de\/wp-content\/uploads\/2018\/07\/picture_wanda-150x150.jpg 150w\" sizes=\"(max-width: 250px) 100vw, 250px\" \/>\n                \n            \n            \n<div class=\"lae-social-wrap\">\n    <div class=\"lae-social-list\">\n\n                            <div class=\"lae-social-list-item\">\n                <a class=\"lae-email\" href=\"mailto:wanda.labar@terrasolutions.com\"\n                   title=\"Send an email\">\n                    <i class=\"lae-icon-email\"><\/i>\n                <\/a>\n            <\/div>\n                \n        \n                    <div class=\"lae-social-list-item\">\n                <a class=\"lae-linkedin\" href=\"https:\/\/www.linkedin.com\/in\/wlabar\"\n                   target=\"_blank\"\n                   title=\"View LinkedIn Profile\">\n                    <i class=\"lae-icon-linkedin\">\n\n                    <\/i>\n                <\/a>\n            <\/div>\n        \n        \n        \n        \n        \n    <\/div><!-- .lae-social-list -->\n<\/div><!-- .lae-social-wrap -->\n\n\n\n        <\/div><!-- .lae-image-wrapper -->\n\n        <div class=\"lae-team-member-text\">\n\n            \n            \n                <h3 class=\"lae-title\">Wanda LaBar<\/h3>\n            \n            <div class=\"lae-team-member-position\">\n\n                Research Analyst\n            <\/div>\n\n            <div class=\"lae-team-member-details\">\n\n                Wanda hat als virtuelle Assistentin recherchiert und andere administrative Aufgaben wahrgenommen. Sie verf\u00fcgt \u00fcber mehr als 20 Jahre Erfahrung in den Bereichen Produktion, Telekommunikation, Logistik im In- und Ausland, Verwaltung, Finanzen und Bildung. Sie hatte Positionen als B\u00fcroleiterin, Projektassistentin\/Koordinatorin, leitende Buchhalterin, Training\/Logistikleiterin und Business\/Report Analystin inne.\n            <\/div>\n\n        <\/div><!-- .lae-team-member-text -->\n\n    <\/div><!-- .lae-team-member -->\n\n<\/div><!-- .lae-team-member-wrapper -->\n    \n<\/div><!-- .lae-team-members -->\n\n<div class=\"lae-clear\"><\/div>\t\t\t\t<\/div>\n\t\t\t\t<\/div>\n\t\t\t\t\t<\/div>\n\t\t<\/div>\n\t\t\t\t\t<\/div>\n\t\t<\/section>\n\t\t\t\t<\/div>\n\t\t","protected":false},"excerpt":{"rendered":"<p>Jeff Lamont Managing Director Jeff ist seit 2001 auf dem europ\u00e4ischen und nordamerikanischen TMT-Markt t\u00e4tig. Bei Orange war Jeff f\u00fcr den Betrieb in 11 europ\u00e4ischen L\u00e4ndern verantwortlich. Vor seiner Karriere in Europa arbeitete er mehr als acht Jahre als erfolgreicher Unternehmer in den USA. Jeff hat einen BA mit Auszeichnung in Wirtschaft und Geschichte von &#8230; <a title=\"Team\" class=\"read-more\" href=\"https:\/\/terrasolutions.com\/de\/ueber-uns\/team\/\" aria-label=\"Mehr zu Team\">Read more<\/a><\/p>\n","protected":false},"author":1,"featured_media":0,"parent":5,"menu_order":1,"comment_status":"closed","ping_status":"closed","template":"","meta":{"footnotes":""},"class_list":["post-53","page","type-page","status-publish"],"acf":[],"_links":{"self":[{"href":"https:\/\/terrasolutions.com\/de\/wp-json\/wp\/v2\/pages\/53","targetHints":{"allow":["GET"]}}],"collection":[{"href":"https:\/\/terrasolutions.com\/de\/wp-json\/wp\/v2\/pages"}],"about":[{"href":"https:\/\/terrasolutions.com\/de\/wp-json\/wp\/v2\/types\/page"}],"author":[{"embeddable":true,"href":"https:\/\/terrasolutions.com\/de\/wp-json\/wp\/v2\/users\/1"}],"replies":[{"embeddable":true,"href":"https:\/\/terrasolutions.com\/de\/wp-json\/wp\/v2\/comments?post=53"}],"version-history":[{"count":48,"href":"https:\/\/terrasolutions.com\/de\/wp-json\/wp\/v2\/pages\/53\/revisions"}],"predecessor-version":[{"id":1216,"href":"https:\/\/terrasolutions.com\/de\/wp-json\/wp\/v2\/pages\/53\/revisions\/1216"}],"up":[{"embeddable":true,"href":"https:\/\/terrasolutions.com\/de\/wp-json\/wp\/v2\/pages\/5"}],"wp:attachment":[{"href":"https:\/\/terrasolutions.com\/de\/wp-json\/wp\/v2\/media?parent=53"}],"curies":[{"name":"wp","href":"https:\/\/api.w.org\/{rel}","templated":true}]}}