{"id":9,"date":"2017-08-14T16:38:08","date_gmt":"2017-08-14T16:38:08","guid":{"rendered":"http:\/\/localhost\/cms\/wp-terra-si-new\/?page_id=9"},"modified":"2020-10-01T02:01:58","modified_gmt":"2020-10-01T02:01:58","slug":"anwendungen","status":"publish","type":"page","link":"https:\/\/terrasolutions.com\/de\/anwendungen\/","title":{"rendered":"Anwendungen"},"content":{"rendered":"\t\t<div data-elementor-type=\"wp-post\" data-elementor-id=\"9\" class=\"elementor elementor-9\" data-elementor-post-type=\"page\">\n\t\t\t\t\t\t<section class=\"elementor-section elementor-top-section elementor-element elementor-element-uljrz7e elementor-section-full_width elementor-section-height-min-height elementor-section-height-default elementor-section-items-middle\" data-id=\"uljrz7e\" data-element_type=\"section\" data-settings=\"{&quot;background_background&quot;:&quot;classic&quot;}\">\n\t\t\t\t\t\t\t<div class=\"elementor-background-overlay\"><\/div>\n\t\t\t\t\t\t\t<div class=\"elementor-container elementor-column-gap-no\">\n\t\t\t\t\t<div class=\"elementor-column elementor-col-100 elementor-top-column elementor-element elementor-element-bnxhelj\" data-id=\"bnxhelj\" data-element_type=\"column\">\n\t\t\t<div class=\"elementor-widget-wrap elementor-element-populated\">\n\t\t\t\t\t\t<section class=\"elementor-section elementor-inner-section elementor-element elementor-element-et9w3uv elementor-section-full_width elementor-section-height-default elementor-section-height-default\" data-id=\"et9w3uv\" data-element_type=\"section\">\n\t\t\t\t\t\t<div class=\"elementor-container elementor-column-gap-no\">\n\t\t\t\t\t<div class=\"elementor-column elementor-col-50 elementor-inner-column elementor-element elementor-element-6u7uz70\" data-id=\"6u7uz70\" data-element_type=\"column\">\n\t\t\t<div class=\"elementor-widget-wrap\">\n\t\t\t\t\t\t\t<\/div>\n\t\t<\/div>\n\t\t\t\t<div class=\"elementor-column elementor-col-50 elementor-inner-column elementor-element elementor-element-di9g7ey\" data-id=\"di9g7ey\" data-element_type=\"column\">\n\t\t\t<div class=\"elementor-widget-wrap elementor-element-populated\">\n\t\t\t\t\t\t<div class=\"elementor-element elementor-element-fuvel7r elementor-invisible elementor-widget elementor-widget-heading\" data-id=\"fuvel7r\" data-element_type=\"widget\" data-settings=\"{&quot;_animation&quot;:&quot;slideInRight&quot;,&quot;_animation_delay&quot;:300}\" data-widget_type=\"heading.default\">\n\t\t\t\t<div class=\"elementor-widget-container\">\n\t\t\t\t\t<h2 class=\"elementor-heading-title elementor-size-default\"><a href=\"#maschinen\">Verbundene Maschinen<\/a><\/h2>\t\t\t\t<\/div>\n\t\t\t\t<\/div>\n\t\t\t\t<div class=\"elementor-element elementor-element-x91yr6b elementor-invisible elementor-widget elementor-widget-heading\" data-id=\"x91yr6b\" data-element_type=\"widget\" data-settings=\"{&quot;_animation&quot;:&quot;slideInRight&quot;,&quot;_animation_delay&quot;:600}\" data-widget_type=\"heading.default\">\n\t\t\t\t<div class=\"elementor-widget-container\">\n\t\t\t\t\t<h2 class=\"elementor-heading-title elementor-size-default\"><a href=\"#fernwartung\">Fernwartung<\/a><\/h2>\t\t\t\t<\/div>\n\t\t\t\t<\/div>\n\t\t\t\t<div class=\"elementor-element elementor-element-hv605yz elementor-invisible elementor-widget elementor-widget-heading\" data-id=\"hv605yz\" data-element_type=\"widget\" data-settings=\"{&quot;_animation&quot;:&quot;slideInRight&quot;,&quot;_animation_delay&quot;:1200}\" data-widget_type=\"heading.default\">\n\t\t\t\t<div class=\"elementor-widget-container\">\n\t\t\t\t\t<h2 class=\"elementor-heading-title elementor-size-default\"><a href=\"#fabrik\">Fabrik-Optimierung<\/a><\/h2>\t\t\t\t<\/div>\n\t\t\t\t<\/div>\n\t\t\t\t\t<\/div>\n\t\t<\/div>\n\t\t\t\t\t<\/div>\n\t\t<\/section>\n\t\t\t\t\t<\/div>\n\t\t<\/div>\n\t\t\t\t\t<\/div>\n\t\t<\/section>\n\t\t\t\t<section class=\"elementor-section elementor-top-section elementor-element elementor-element-8zetysu elementor-section-boxed elementor-section-height-default elementor-section-height-default\" data-id=\"8zetysu\" data-element_type=\"section\">\n\t\t\t\t\t\t<div class=\"elementor-container elementor-column-gap-no\">\n\t\t\t\t\t<div class=\"elementor-column elementor-col-100 elementor-top-column elementor-element elementor-element-cuqeq96\" data-id=\"cuqeq96\" data-element_type=\"column\">\n\t\t\t<div class=\"elementor-widget-wrap elementor-element-populated\">\n\t\t\t\t\t\t<div class=\"elementor-element elementor-element-knhxxz6 elementor-widget elementor-widget-menu-anchor\" data-id=\"knhxxz6\" data-element_type=\"widget\" data-widget_type=\"menu-anchor.default\">\n\t\t\t\t<div class=\"elementor-widget-container\">\n\t\t\t\t\t\t\t<div class=\"elementor-menu-anchor\" id=\"maschinen\"><\/div>\n\t\t\t\t\t\t<\/div>\n\t\t\t\t<\/div>\n\t\t\t\t<div class=\"elementor-element elementor-element-rb4mjcz elementor-position-right elementor-vertical-align-top elementor-widget elementor-widget-image-box\" data-id=\"rb4mjcz\" data-element_type=\"widget\" data-widget_type=\"image-box.default\">\n\t\t\t\t<div class=\"elementor-widget-container\">\n\t\t\t\t\t<div class=\"elementor-image-box-wrapper\"><figure class=\"elementor-image-box-img\"><img fetchpriority=\"high\" decoding=\"async\" width=\"1600\" height=\"1067\" src=\"https:\/\/terrasolutions.com\/de\/wp-content\/uploads\/2017\/09\/terra-industrial.jpeg\" class=\"attachment-full size-full wp-image-248\" alt=\"\" srcset=\"https:\/\/terrasolutions.com\/de\/wp-content\/uploads\/2017\/09\/terra-industrial.jpeg 1600w, https:\/\/terrasolutions.com\/de\/wp-content\/uploads\/2017\/09\/terra-industrial-300x200.jpeg 300w, https:\/\/terrasolutions.com\/de\/wp-content\/uploads\/2017\/09\/terra-industrial-768x512.jpeg 768w, https:\/\/terrasolutions.com\/de\/wp-content\/uploads\/2017\/09\/terra-industrial-1024x683.jpeg 1024w\" sizes=\"(max-width: 1600px) 100vw, 1600px\" \/><\/figure><div class=\"elementor-image-box-content\"><h2 class=\"elementor-image-box-title\">Verbundene Maschinen<\/h2><p class=\"elementor-image-box-description\"><p>Die Fern\u00fcberwachung und -verwaltung sowie die vorbeugende Wartung k\u00f6nnen f\u00fcr Maschinenbauer, deren Kunden diese Maschinen weltweit besitzen und betreiben, ein entscheidender Faktor sein. Fehler k\u00f6nnen verhindert werden, indem die \u00dcberwachung und Visualisierung (Dashboarding) in Echtzeit (oder nahezu Echtzeit) erm\u00f6glicht wird. Die Zustands\u00fcberwachung (Stream Analytics) erm\u00f6glicht eine vorausschauende Wartung, die Fehler in Ausr\u00fcstungskomponenten im Voraus erkennt, so dass diese behoben werden k\u00f6nnen, bevor sie ausfallen und Maschinen zum Stillstand bringen. Durch eine proaktive statt reaktive Vorgehensweise bei der Wartung k\u00f6nnen die Kunden von Maschinenbauern die Ausfallzeiten von Anlagen\/Ausr\u00fcstungen reduzieren, die Reparaturkosten minimieren und die Mitarbeiterproduktivit\u00e4t steigern.<\/p>\n\n<p>Zu den Vorteilen f\u00fcr den Maschinenbauer geh\u00f6ren:<\/p>\n\n<ul>\n<li>Besserer Einblick in Kundenpr\u00e4ferenzen und -verhalten<\/li>\n<li>Risiken messen und Sicherheit erh\u00f6hen<\/li><li>Verbesserung der Zuverl\u00e4ssigkeit, Verf\u00fcgbarkeit, Effizienz und Leistung von Produkten<\/li><\/ul>\n<\/p><\/div><\/div>\t\t\t\t<\/div>\n\t\t\t\t<\/div>\n\t\t\t\t<div class=\"elementor-element elementor-element-b2fmyn3 elementor-widget elementor-widget-menu-anchor\" data-id=\"b2fmyn3\" data-element_type=\"widget\" data-widget_type=\"menu-anchor.default\">\n\t\t\t\t<div class=\"elementor-widget-container\">\n\t\t\t\t\t\t\t<div class=\"elementor-menu-anchor\" id=\"fernwartung\"><\/div>\n\t\t\t\t\t\t<\/div>\n\t\t\t\t<\/div>\n\t\t\t\t<div class=\"elementor-element elementor-element-ka30r4x elementor-widget-divider--view-line elementor-widget elementor-widget-divider\" data-id=\"ka30r4x\" data-element_type=\"widget\" data-widget_type=\"divider.default\">\n\t\t\t\t<div class=\"elementor-widget-container\">\n\t\t\t\t\t\t\t<div class=\"elementor-divider\">\n\t\t\t<span class=\"elementor-divider-separator\">\n\t\t\t\t\t\t<\/span>\n\t\t<\/div>\n\t\t\t\t\t\t<\/div>\n\t\t\t\t<\/div>\n\t\t\t\t\t<\/div>\n\t\t<\/div>\n\t\t\t\t\t<\/div>\n\t\t<\/section>\n\t\t\t\t<section class=\"elementor-section elementor-top-section elementor-element elementor-element-lq08qhj elementor-section-boxed elementor-section-height-default elementor-section-height-default\" data-id=\"lq08qhj\" data-element_type=\"section\">\n\t\t\t\t\t\t<div class=\"elementor-container elementor-column-gap-no\">\n\t\t\t\t\t<div class=\"elementor-column elementor-col-100 elementor-top-column elementor-element elementor-element-bpimb8i\" data-id=\"bpimb8i\" data-element_type=\"column\">\n\t\t\t<div class=\"elementor-widget-wrap elementor-element-populated\">\n\t\t\t\t\t\t<div class=\"elementor-element elementor-element-wkdnore elementor-position-left elementor-vertical-align-top elementor-widget elementor-widget-image-box\" data-id=\"wkdnore\" data-element_type=\"widget\" data-widget_type=\"image-box.default\">\n\t\t\t\t<div class=\"elementor-widget-container\">\n\t\t\t\t\t<div class=\"elementor-image-box-wrapper\"><figure class=\"elementor-image-box-img\"><img decoding=\"async\" width=\"1600\" height=\"1069\" src=\"https:\/\/terrasolutions.com\/de\/wp-content\/uploads\/2017\/09\/terra-manufacturing.jpeg\" class=\"attachment-full size-full wp-image-245\" alt=\"\" srcset=\"https:\/\/terrasolutions.com\/de\/wp-content\/uploads\/2017\/09\/terra-manufacturing.jpeg 1600w, https:\/\/terrasolutions.com\/de\/wp-content\/uploads\/2017\/09\/terra-manufacturing-300x200.jpeg 300w, https:\/\/terrasolutions.com\/de\/wp-content\/uploads\/2017\/09\/terra-manufacturing-768x513.jpeg 768w, https:\/\/terrasolutions.com\/de\/wp-content\/uploads\/2017\/09\/terra-manufacturing-1024x684.jpeg 1024w\" sizes=\"(max-width: 1600px) 100vw, 1600px\" \/><\/figure><div class=\"elementor-image-box-content\"><h2 class=\"elementor-image-box-title\">Fernwartung<\/h2><p class=\"elementor-image-box-description\"><p>Wenn ein Maschinenbauer eine Maschine bei einem Kunden vor Ort warten muss, ist die Fernwartung die effizienteste und kosteng\u00fcnstigste L\u00f6sung. Neue IT-Tools wie Augmented Reality (AR)-Software und intelligente Brillen erm\u00f6glichen es Unternehmen, ein hohes Ma\u00df an Unterst\u00fctzung anzubieten, ohne dass kostspielige und zeitaufw\u00e4ndige Reisen erforderlich sind. <\/p>\n\n\n<p>Dar\u00fcber hinaus sind Fernwartungsprodukte erh\u00e4ltlich, mit denen Maschinenbauer schnell auf die Ger\u00e4te und die Software beim Kunden vor Ort zugreifen und Probleme l\u00f6sen k\u00f6nnen. Dabei werden Sicherheits\u00fcberlegungen ber\u00fccksichtigt, die garantieren, dass die Verbindung zur Maschine beim Kunden niemals beeintr\u00e4chtigt wird.\n.<\/p><\/p><\/div><\/div>\t\t\t\t<\/div>\n\t\t\t\t<\/div>\n\t\t\t\t\t<\/div>\n\t\t<\/div>\n\t\t\t\t\t<\/div>\n\t\t<\/section>\n\t\t\t\t<section class=\"elementor-section elementor-top-section elementor-element elementor-element-dwly27c elementor-section-boxed elementor-section-height-default elementor-section-height-default\" data-id=\"dwly27c\" data-element_type=\"section\">\n\t\t\t\t\t\t<div class=\"elementor-container elementor-column-gap-no\">\n\t\t\t\t\t<div class=\"elementor-column elementor-col-100 elementor-top-column elementor-element elementor-element-v7vihw1\" data-id=\"v7vihw1\" data-element_type=\"column\">\n\t\t\t<div class=\"elementor-widget-wrap elementor-element-populated\">\n\t\t\t\t\t\t<div class=\"elementor-element elementor-element-q6b0xmk elementor-widget elementor-widget-menu-anchor\" data-id=\"q6b0xmk\" data-element_type=\"widget\" data-widget_type=\"menu-anchor.default\">\n\t\t\t\t<div class=\"elementor-widget-container\">\n\t\t\t\t\t\t\t<div class=\"elementor-menu-anchor\" id=\"fabrik\"><\/div>\n\t\t\t\t\t\t<\/div>\n\t\t\t\t<\/div>\n\t\t\t\t<div class=\"elementor-element elementor-element-ngj4luw elementor-widget-divider--view-line elementor-widget elementor-widget-divider\" data-id=\"ngj4luw\" data-element_type=\"widget\" data-widget_type=\"divider.default\">\n\t\t\t\t<div class=\"elementor-widget-container\">\n\t\t\t\t\t\t\t<div class=\"elementor-divider\">\n\t\t\t<span class=\"elementor-divider-separator\">\n\t\t\t\t\t\t<\/span>\n\t\t<\/div>\n\t\t\t\t\t\t<\/div>\n\t\t\t\t<\/div>\n\t\t\t\t<div class=\"elementor-element elementor-element-1x8i8f4 elementor-position-right elementor-vertical-align-top elementor-widget elementor-widget-image-box\" data-id=\"1x8i8f4\" data-element_type=\"widget\" data-widget_type=\"image-box.default\">\n\t\t\t\t<div class=\"elementor-widget-container\">\n\t\t\t\t\t<div class=\"elementor-image-box-wrapper\"><figure class=\"elementor-image-box-img\"><img decoding=\"async\" width=\"1600\" height=\"1065\" src=\"https:\/\/terrasolutions.com\/de\/wp-content\/uploads\/2017\/09\/terra-utilities.jpeg\" class=\"attachment-full size-full wp-image-252\" alt=\"\" srcset=\"https:\/\/terrasolutions.com\/de\/wp-content\/uploads\/2017\/09\/terra-utilities.jpeg 1600w, https:\/\/terrasolutions.com\/de\/wp-content\/uploads\/2017\/09\/terra-utilities-300x200.jpeg 300w, https:\/\/terrasolutions.com\/de\/wp-content\/uploads\/2017\/09\/terra-utilities-768x511.jpeg 768w, https:\/\/terrasolutions.com\/de\/wp-content\/uploads\/2017\/09\/terra-utilities-1024x682.jpeg 1024w\" sizes=\"(max-width: 1600px) 100vw, 1600px\" \/><\/figure><div class=\"elementor-image-box-content\"><h2 class=\"elementor-image-box-title\">Fabrik-Optimierung<\/h2><p class=\"elementor-image-box-description\"><p>IIoT bietet einen schnellen ROI und kann Hersteller in die Lage versetzen, digitale Transformationen aus mehreren Perspektiven zu realisieren: Effizienz, Automatisierung, Kundenorientierung, Wettbewerbsvorteile und die Vorz\u00fcge, die sich aus der Nutzung von Daten \u00fcber die gesamte Wertsch\u00f6pfungskette der Fertigung und der Erschlie\u00dfung neuer Einnahmequellen ergeben.<\/p>\n\n<p>Im weitesten Sinne l\u00e4uft alles auf die Optimierung, Digitalisierung und Transparenz der Fabrik- und Fertigungsumgebung und ihrer Komponenten in Kombination mit verbesserten Dienstleistungen gegen\u00fcber den Kunden hinaus. Das IIoT wird die Art und Weise ver\u00e4ndern, wie Hersteller \u00fcber Ressourcenzuteilung, Produktionsprozesse, Materialhandhabung und Personalmanagement denken.<\/p>\n\n<p>Die Bereitschaft und F\u00e4higkeit der Hersteller, ihre Abteilungen f\u00fcr Informationstechnologie (IT), Betriebstechnologie (OT) und Infrastruktur (oder Silos) zu integrieren, ist entscheidend f\u00fcr ihren Erfolg, um vom IIoT zu profitieren.<\/p>\n<\/p><\/div><\/div>\t\t\t\t<\/div>\n\t\t\t\t<\/div>\n\t\t\t\t\t<\/div>\n\t\t<\/div>\n\t\t\t\t\t<\/div>\n\t\t<\/section>\n\t\t\t\t<section class=\"elementor-section elementor-top-section elementor-element elementor-element-9t9jutw elementor-section-boxed elementor-section-height-default elementor-section-height-default\" data-id=\"9t9jutw\" data-element_type=\"section\">\n\t\t\t\t\t\t<div class=\"elementor-container elementor-column-gap-no\">\n\t\t\t\t\t<div class=\"elementor-column elementor-col-100 elementor-top-column elementor-element elementor-element-71zseww\" data-id=\"71zseww\" data-element_type=\"column\">\n\t\t\t<div class=\"elementor-widget-wrap elementor-element-populated\">\n\t\t\t\t\t\t<div class=\"elementor-element elementor-element-fzmtsx5 elementor-widget-divider--view-line elementor-widget elementor-widget-divider\" data-id=\"fzmtsx5\" data-element_type=\"widget\" data-widget_type=\"divider.default\">\n\t\t\t\t<div class=\"elementor-widget-container\">\n\t\t\t\t\t\t\t<div class=\"elementor-divider\">\n\t\t\t<span class=\"elementor-divider-separator\">\n\t\t\t\t\t\t<\/span>\n\t\t<\/div>\n\t\t\t\t\t\t<\/div>\n\t\t\t\t<\/div>\n\t\t\t\t\t<\/div>\n\t\t<\/div>\n\t\t\t\t\t<\/div>\n\t\t<\/section>\n\t\t\t\t<section class=\"elementor-section elementor-top-section elementor-element elementor-element-f83w0bg elementor-section-boxed elementor-section-height-default elementor-section-height-default\" data-id=\"f83w0bg\" data-element_type=\"section\">\n\t\t\t\t\t\t<div class=\"elementor-container elementor-column-gap-default\">\n\t\t\t\t\t<div class=\"elementor-column elementor-col-100 elementor-top-column elementor-element elementor-element-mkl5tnv\" data-id=\"mkl5tnv\" data-element_type=\"column\">\n\t\t\t<div class=\"elementor-widget-wrap elementor-element-populated\">\n\t\t\t\t\t\t<div class=\"elementor-element elementor-element-lxc9tmh elementor-align-center elementor-widget elementor-widget-button\" data-id=\"lxc9tmh\" data-element_type=\"widget\" data-widget_type=\"button.default\">\n\t\t\t\t<div class=\"elementor-widget-container\">\n\t\t\t\t\t\t\t\t\t<div class=\"elementor-button-wrapper\">\n\t\t\t\t\t<a class=\"elementor-button elementor-button-link elementor-size-lg\" href=\"http:\/\/terrasolutions.com\/de\/kontakt\">\n\t\t\t\t\t\t<span class=\"elementor-button-content-wrapper\">\n\t\t\t\t\t\t<span class=\"elementor-button-icon\">\n\t\t\t\t\t\t\t\t\t<i class=\"fa fa-envelope-o\" aria-hidden=\"true\"><\/i>\n\t\t\t\t\t\t\t<\/span>\n\t\t\t\t\t\t\t\t\t<span class=\"elementor-button-text\">Kontakt<\/span>\n\t\t\t\t\t<\/span>\n\t\t\t\t\t<\/a>\n\t\t\t\t<\/div>\n\t\t\t\t\t\t\t\t<\/div>\n\t\t\t\t<\/div>\n\t\t\t\t\t<\/div>\n\t\t<\/div>\n\t\t\t\t\t<\/div>\n\t\t<\/section>\n\t\t\t\t<\/div>\n\t\t","protected":false},"excerpt":{"rendered":"<p>Verbundene Maschinen Fernwartung Fabrik-Optimierung Verbundene Maschinen Die Fern\u00fcberwachung und -verwaltung sowie die vorbeugende Wartung k\u00f6nnen f\u00fcr Maschinenbauer, deren Kunden diese Maschinen weltweit besitzen und betreiben, ein entscheidender Faktor sein. Fehler k\u00f6nnen verhindert werden, indem die \u00dcberwachung und Visualisierung (Dashboarding) in Echtzeit (oder nahezu Echtzeit) erm\u00f6glicht wird. Die Zustands\u00fcberwachung (Stream Analytics) erm\u00f6glicht eine vorausschauende Wartung, die &#8230; <a title=\"Anwendungen\" class=\"read-more\" href=\"https:\/\/terrasolutions.com\/de\/anwendungen\/\" aria-label=\"Mehr zu Anwendungen\">Read more<\/a><\/p>\n","protected":false},"author":1,"featured_media":0,"parent":0,"menu_order":1,"comment_status":"closed","ping_status":"closed","template":"","meta":{"footnotes":""},"class_list":["post-9","page","type-page","status-publish"],"acf":[],"_links":{"self":[{"href":"https:\/\/terrasolutions.com\/de\/wp-json\/wp\/v2\/pages\/9","targetHints":{"allow":["GET"]}}],"collection":[{"href":"https:\/\/terrasolutions.com\/de\/wp-json\/wp\/v2\/pages"}],"about":[{"href":"https:\/\/terrasolutions.com\/de\/wp-json\/wp\/v2\/types\/page"}],"author":[{"embeddable":true,"href":"https:\/\/terrasolutions.com\/de\/wp-json\/wp\/v2\/users\/1"}],"replies":[{"embeddable":true,"href":"https:\/\/terrasolutions.com\/de\/wp-json\/wp\/v2\/comments?post=9"}],"version-history":[{"count":105,"href":"https:\/\/terrasolutions.com\/de\/wp-json\/wp\/v2\/pages\/9\/revisions"}],"predecessor-version":[{"id":930,"href":"https:\/\/terrasolutions.com\/de\/wp-json\/wp\/v2\/pages\/9\/revisions\/930"}],"wp:attachment":[{"href":"https:\/\/terrasolutions.com\/de\/wp-json\/wp\/v2\/media?parent=9"}],"curies":[{"name":"wp","href":"https:\/\/api.w.org\/{rel}","templated":true}]}}